{"id":1282,"date":"2017-09-15T18:03:55","date_gmt":"2017-09-15T15:03:55","guid":{"rendered":"http:\/\/helisyapi.com\/projelerimiz\/"},"modified":"2020-11-18T12:32:04","modified_gmt":"2020-11-18T09:32:04","slug":"our-projects","status":"publish","type":"page","link":"https:\/\/helisyapi.com\/en\/our-projects\/","title":{"rendered":"Our Projects"},"content":{"rendered":"<p>[vc_row css_animation=&#8221;&#8221; row_type=&#8221;row&#8221; use_row_as_full_screen_section=&#8221;no&#8221; type=&#8221;full_width&#8221; angled_section=&#8221;no&#8221; text_align=&#8221;left&#8221; background_image_as_pattern=&#8221;without_pattern&#8221; css=&#8221;.vc_custom_1605691912508{padding-top: 30px !important;}&#8221;][vc_column][vc_column_text]<\/p>\n<h2 style=\"text-align: center;\"><span style=\"color: #acacac;\">Our Projects<\/span><\/h2>\n<p>[\/vc_column_text][vc_separator type=&#8221;transparent&#8221; thickness=&#8221;0&#8243; up=&#8221;33&#8243; down=&#8221;0&#8243;][\/vc_column][\/vc_row][vc_row css_animation=&#8221;&#8221; row_type=&#8221;row&#8221; use_row_as_full_screen_section=&#8221;no&#8221; type=&#8221;full_width&#8221; angled_section=&#8221;no&#8221; text_align=&#8221;left&#8221; background_image_as_pattern=&#8221;without_pattern&#8221;][vc_column]<div class='projects_holder_outer v3 portfolio_with_space portfolio_standard'><div class='projects_holder portfolio_main_holder clearfix v3 standard portfolio_square_image diagonal_fade'>\n<article class='mix portfolio_category_35 ' style=''><div class='image_holder'><a itemprop='url' class='portfolio_link_for_touch' href='https:\/\/helisyapi.com\/en\/proje\/helis-bitez-hotel\/' target='_self'><span class='image'><img width=\"570\" height=\"480\" src=\"https:\/\/helisyapi.com\/wp-content\/uploads\/2021\/08\/BITEZ_KAPAK-570x480.jpg\" class=\"attachment-portfolio-square size-portfolio-square wp-post-image\" alt=\"\" decoding=\"async\" loading=\"lazy\" \/><\/span><\/a><span class='text_holder'><span class='text_outer'><span class='text_inner'><span class='feature_holder'><\/span><\/span><\/span><\/span><\/div><div class='portfolio_description '><h5 itemprop=\"name\" class=\"portfolio_title entry_title\"><a itemprop=\"url\" href=\"https:\/\/helisyapi.com\/en\/proje\/helis-bitez-hotel\/\"  target=\"_self\">HELIS SUITES BITEZ<\/a><\/h5><span class=\"project_category\" >Completed Projects<\/span><\/div><\/article>\n<article class='mix portfolio_category_37 ' style=''><div class='image_holder'><a itemprop='url' class='portfolio_link_for_touch' href='https:\/\/helisyapi.com\/en\/proje\/helis-serina-bodrum\/' target='_self'><span class='image'><img width=\"570\" height=\"480\" src=\"https:\/\/helisyapi.com\/wp-content\/uploads\/2021\/08\/serina-kapak-570x480.jpg\" class=\"attachment-portfolio-square size-portfolio-square wp-post-image\" alt=\"\" decoding=\"async\" loading=\"lazy\" \/><\/span><\/a><span class='text_holder'><span class='text_outer'><span class='text_inner'><span class='feature_holder'><\/span><\/span><\/span><\/span><\/div><div class='portfolio_description '><h5 itemprop=\"name\" class=\"portfolio_title entry_title\"><a itemprop=\"url\" href=\"https:\/\/helisyapi.com\/en\/proje\/helis-serina-bodrum\/\"  target=\"_self\">HEL\u0130S SER\u0130NA BODRUM<\/a><\/h5><span class=\"project_category\" >Ongoing Projects<\/span><\/div><\/article>\n<article class='mix portfolio_category_37 ' style=''><div class='image_holder'><a itemprop='url' class='portfolio_link_for_touch' href='https:\/\/helisyapi.com\/en\/proje\/helis-gol-evleri\/' target='_self'><span class='image'><img width=\"570\" height=\"480\" src=\"https:\/\/helisyapi.com\/wp-content\/uploads\/2021\/06\/gol-evleri-kapak-570x480.jpg\" class=\"attachment-portfolio-square size-portfolio-square wp-post-image\" alt=\"\" decoding=\"async\" loading=\"lazy\" \/><\/span><\/a><span class='text_holder'><span class='text_outer'><span class='text_inner'><span class='feature_holder'><\/span><\/span><\/span><\/span><\/div><div class='portfolio_description '><h5 itemprop=\"name\" class=\"portfolio_title entry_title\"><a itemprop=\"url\" href=\"https:\/\/helisyapi.com\/en\/proje\/helis-gol-evleri\/\"  target=\"_self\">HEL\u0130S G\u00d6L EVLER\u0130<\/a><\/h5><span class=\"project_category\" >Ongoing Projects<\/span><\/div><\/article>\n<article class='mix portfolio_category_58 portfolio_category_37 ' style=''><div class='image_holder'><a itemprop='url' class='portfolio_link_for_touch' href='https:\/\/helisyapi.com\/en\/proje\/helis-bodrum\/' target='_self'><span class='image'><img width=\"570\" height=\"480\" src=\"https:\/\/helisyapi.com\/wp-content\/uploads\/2019\/11\/helis_bodrum_kapak-570x480.jpg\" class=\"attachment-portfolio-square size-portfolio-square wp-post-image\" alt=\"\" decoding=\"async\" loading=\"lazy\" \/><\/span><\/a><span class='text_holder'><span class='text_outer'><span class='text_inner'><span class='feature_holder'><\/span><\/span><\/span><\/span><\/div><div class='portfolio_description '><h5 itemprop=\"name\" class=\"portfolio_title entry_title\"><a itemprop=\"url\" href=\"https:\/\/helisyapi.com\/en\/proje\/helis-bodrum\/\"  target=\"_self\">THE HOUSE RESIDENCE &#8211; HELIS BODRUM<\/a><\/h5><span class=\"project_category\" >Devam Eden Projeler, Ongoing Projects<\/span><\/div><\/article>\n<article class='mix portfolio_category_35 ' style=''><div class='image_holder'><a itemprop='url' class='portfolio_link_for_touch' href='https:\/\/helisyapi.com\/en\/proje\/helis-metro-home\/' target='_self'><span class='image'><img width=\"570\" height=\"480\" src=\"https:\/\/helisyapi.com\/wp-content\/uploads\/2016\/02\/metro-ofis-kapak-1-570x480.jpg\" class=\"attachment-portfolio-square size-portfolio-square wp-post-image\" alt=\"\" decoding=\"async\" loading=\"lazy\" \/><\/span><\/a><span class='text_holder'><span class='text_outer'><span class='text_inner'><span class='feature_holder'><\/span><\/span><\/span><\/span><\/div><div class='portfolio_description '><h5 itemprop=\"name\" class=\"portfolio_title entry_title\"><a itemprop=\"url\" href=\"https:\/\/helisyapi.com\/en\/proje\/helis-metro-home\/\"  target=\"_self\">HELIS METRO HOME<\/a><\/h5><span class=\"project_category\" >Completed Projects<\/span><\/div><\/article>\n<article class='mix portfolio_category_35 ' style=''><div class='image_holder'><a itemprop='url' class='portfolio_link_for_touch' href='https:\/\/helisyapi.com\/en\/proje\/helis-gold-office\/' target='_self'><span class='image'><img width=\"570\" height=\"480\" src=\"https:\/\/helisyapi.com\/wp-content\/uploads\/2016\/02\/gold-ofis-kapak-570x480.jpg\" class=\"attachment-portfolio-square size-portfolio-square wp-post-image\" alt=\"\" decoding=\"async\" loading=\"lazy\" \/><\/span><\/a><span class='text_holder'><span class='text_outer'><span class='text_inner'><span class='feature_holder'><\/span><\/span><\/span><\/span><\/div><div class='portfolio_description '><h5 itemprop=\"name\" class=\"portfolio_title entry_title\"><a itemprop=\"url\" href=\"https:\/\/helisyapi.com\/en\/proje\/helis-gold-office\/\"  target=\"_self\">HELIS GOLD OFFICE<\/a><\/h5><span class=\"project_category\" >Completed Projects<\/span><\/div><\/article>\n<article class='mix portfolio_category_35 ' style=''><div class='image_holder'><a itemprop='url' class='portfolio_link_for_touch' href='https:\/\/helisyapi.com\/en\/proje\/helismore\/' target='_self'><span class='image'><img width=\"570\" height=\"480\" src=\"https:\/\/helisyapi.com\/wp-content\/uploads\/2016\/02\/helismore_kapak_-570x480.jpg\" class=\"attachment-portfolio-square size-portfolio-square wp-post-image\" alt=\"\" decoding=\"async\" loading=\"lazy\" \/><\/span><\/a><span class='text_holder'><span class='text_outer'><span class='text_inner'><span class='feature_holder'><\/span><\/span><\/span><\/span><\/div><div class='portfolio_description '><h5 itemprop=\"name\" class=\"portfolio_title entry_title\"><a itemprop=\"url\" href=\"https:\/\/helisyapi.com\/en\/proje\/helismore\/\"  target=\"_self\">HELIS MORE<\/a><\/h5><span class=\"project_category\" >Completed Projects<\/span><\/div><\/article>\n<article class='mix portfolio_category_35 ' style=''><div class='image_holder'><a itemprop='url' class='portfolio_link_for_touch' href='https:\/\/helisyapi.com\/en\/proje\/helis-metro-office\/' target='_self'><span class='image'><img width=\"570\" height=\"480\" src=\"https:\/\/helisyapi.com\/wp-content\/uploads\/2016\/02\/metro-ofis-kapak-570x480.jpg\" class=\"attachment-portfolio-square size-portfolio-square wp-post-image\" alt=\"\" decoding=\"async\" loading=\"lazy\" \/><\/span><\/a><span class='text_holder'><span class='text_outer'><span class='text_inner'><span class='feature_holder'><\/span><\/span><\/span><\/span><\/div><div class='portfolio_description '><h5 itemprop=\"name\" class=\"portfolio_title entry_title\"><a itemprop=\"url\" href=\"https:\/\/helisyapi.com\/en\/proje\/helis-metro-office\/\"  target=\"_self\">HELIS METRO OFFICE<\/a><\/h5><span class=\"project_category\" >Completed Projects<\/span><\/div><\/article>\n<article class='mix portfolio_category_35 ' style=''><div class='image_holder'><a itemprop='url' class='portfolio_link_for_touch' href='https:\/\/helisyapi.com\/en\/proje\/helis-beyaz-office\/' target='_self'><span class='image'><img width=\"570\" height=\"480\" src=\"https:\/\/helisyapi.com\/wp-content\/uploads\/2016\/02\/kapak1-570x480.jpg\" class=\"attachment-portfolio-square size-portfolio-square wp-post-image\" alt=\"\" decoding=\"async\" loading=\"lazy\" \/><\/span><\/a><span class='text_holder'><span class='text_outer'><span class='text_inner'><span class='feature_holder'><\/span><\/span><\/span><\/span><\/div><div class='portfolio_description '><h5 itemprop=\"name\" class=\"portfolio_title entry_title\"><a itemprop=\"url\" href=\"https:\/\/helisyapi.com\/en\/proje\/helis-beyaz-office\/\"  target=\"_self\">HELIS BEYAZ OFFICE<\/a><\/h5><span class=\"project_category\" >Completed Projects<\/span><\/div><\/article>\n<div class='filler'><\/div>\n<div class='filler'><\/div>\n<div class='filler'><\/div>\n<\/div><\/div>[\/vc_column][\/vc_row]<\/p>\n","protected":false},"excerpt":{"rendered":"<p>[vc_row css_animation=&#8221;&#8221; row_type=&#8221;row&#8221; use_row_as_full_screen_section=&#8221;no&#8221; type=&#8221;full_width&#8221; angled_section=&#8221;no&#8221; text_align=&#8221;left&#8221; background_image_as_pattern=&#8221;without_pattern&#8221; css=&#8221;.vc_custom_1605691912508{padding-top: 30px !important;}&#8221;][vc_column][vc_column_text] Our Projects [\/vc_column_text][vc_separator type=&#8221;transparent&#8221; thickness=&#8221;0&#8243; up=&#8221;33&#8243; down=&#8221;0&#8243;][\/vc_column][\/vc_row][vc_row css_animation=&#8221;&#8221; row_type=&#8221;row&#8221; use_row_as_full_screen_section=&#8221;no&#8221; type=&#8221;full_width&#8221; angled_section=&#8221;no&#8221; text_align=&#8221;left&#8221; background_image_as_pattern=&#8221;without_pattern&#8221;][vc_column][\/vc_column][\/vc_row]<\/p>\n","protected":false},"author":1,"featured_media":0,"parent":0,"menu_order":0,"comment_status":"closed","ping_status":"closed","template":"full_width.php","meta":[],"yoast_head":"<!-- This site is optimized with the Yoast SEO plugin v19.13 - https:\/\/yoast.com\/wordpress\/plugins\/seo\/ -->\n<title>Helis Yap\u0131 A.\u015e. - Our Projects<\/title>\n<meta name=\"robots\" content=\"index, follow, max-snippet:-1, max-image-preview:large, max-video-preview:-1\" \/>\n<link rel=\"canonical\" href=\"https:\/\/helisyapi.com\/en\/our-projects\/\" \/>\n<meta property=\"og:locale\" content=\"en_US\" \/>\n<meta property=\"og:type\" content=\"article\" \/>\n<meta property=\"og:title\" content=\"Helis Yap\u0131 A.\u015e. - Our Projects\" \/>\n<meta property=\"og:description\" content=\"[vc_row css_animation=&#8221;&#8221; row_type=&#8221;row&#8221; use_row_as_full_screen_section=&#8221;no&#8221; type=&#8221;full_width&#8221; angled_section=&#8221;no&#8221; text_align=&#8221;left&#8221; background_image_as_pattern=&#8221;without_pattern&#8221; css=&#8221;.vc_custom_1605691912508{padding-top: 30px !important;}&#8221;][vc_column][vc_column_text] Our Projects [\/vc_column_text][vc_separator type=&#8221;transparent&#8221; thickness=&#8221;0&#8243; up=&#8221;33&#8243; down=&#8221;0&#8243;][\/vc_column][\/vc_row][vc_row css_animation=&#8221;&#8221; row_type=&#8221;row&#8221; use_row_as_full_screen_section=&#8221;no&#8221; type=&#8221;full_width&#8221; angled_section=&#8221;no&#8221; text_align=&#8221;left&#8221; background_image_as_pattern=&#8221;without_pattern&#8221;][vc_column][\/vc_column][\/vc_row]\" \/>\n<meta property=\"og:url\" content=\"https:\/\/helisyapi.com\/en\/our-projects\/\" \/>\n<meta property=\"og:site_name\" content=\"Helis Yap\u0131 A.\u015e.\" \/>\n<meta property=\"article:publisher\" content=\"https:\/\/www.facebook.com\/helisyapi\/\" \/>\n<meta property=\"article:modified_time\" content=\"2020-11-18T09:32:04+00:00\" \/>\n<meta name=\"twitter:card\" content=\"summary_large_image\" \/>\n<meta name=\"twitter:site\" content=\"@helisyapi\" \/>\n<meta name=\"twitter:label1\" content=\"Est. reading time\" \/>\n\t<meta name=\"twitter:data1\" content=\"1 minute\" \/>\n<script type=\"application\/ld+json\" class=\"yoast-schema-graph\">{\"@context\":\"https:\/\/schema.org\",\"@graph\":[{\"@type\":\"WebPage\",\"@id\":\"https:\/\/helisyapi.com\/en\/our-projects\/\",\"url\":\"https:\/\/helisyapi.com\/en\/our-projects\/\",\"name\":\"Helis Yap\u0131 A.\u015e. - Our Projects\",\"isPartOf\":{\"@id\":\"https:\/\/helisyapi.com\/en\/#website\"},\"datePublished\":\"2017-09-15T15:03:55+00:00\",\"dateModified\":\"2020-11-18T09:32:04+00:00\",\"breadcrumb\":{\"@id\":\"https:\/\/helisyapi.com\/en\/our-projects\/#breadcrumb\"},\"inLanguage\":\"en-US\",\"potentialAction\":[{\"@type\":\"ReadAction\",\"target\":[\"https:\/\/helisyapi.com\/en\/our-projects\/\"]}]},{\"@type\":\"BreadcrumbList\",\"@id\":\"https:\/\/helisyapi.com\/en\/our-projects\/#breadcrumb\",\"itemListElement\":[{\"@type\":\"ListItem\",\"position\":1,\"name\":\"Anasayfa\",\"item\":\"https:\/\/helisyapi.com\/en\/\"},{\"@type\":\"ListItem\",\"position\":2,\"name\":\"Our Projects\"}]},{\"@type\":\"WebSite\",\"@id\":\"https:\/\/helisyapi.com\/en\/#website\",\"url\":\"https:\/\/helisyapi.com\/en\/\",\"name\":\"Helis Yap\u0131 A.\u015e.\",\"description\":\"M\u00fckemmellik Sanat\u0131\",\"publisher\":{\"@id\":\"https:\/\/helisyapi.com\/en\/#organization\"},\"potentialAction\":[{\"@type\":\"SearchAction\",\"target\":{\"@type\":\"EntryPoint\",\"urlTemplate\":\"https:\/\/helisyapi.com\/en\/?s={search_term_string}\"},\"query-input\":\"required name=search_term_string\"}],\"inLanguage\":\"en-US\"},{\"@type\":\"Organization\",\"@id\":\"https:\/\/helisyapi.com\/en\/#organization\",\"name\":\"Helis Yap\u0131 A.\u015e.\",\"url\":\"https:\/\/helisyapi.com\/en\/\",\"logo\":{\"@type\":\"ImageObject\",\"inLanguage\":\"en-US\",\"@id\":\"https:\/\/helisyapi.com\/en\/#\/schema\/logo\/image\/\",\"url\":\"https:\/\/helisyapi.com\/wp-content\/uploads\/2022\/02\/helisyapi.svg\",\"contentUrl\":\"https:\/\/helisyapi.com\/wp-content\/uploads\/2022\/02\/helisyapi.svg\",\"width\":576,\"height\":363,\"caption\":\"Helis Yap\u0131 A.\u015e.\"},\"image\":{\"@id\":\"https:\/\/helisyapi.com\/en\/#\/schema\/logo\/image\/\"},\"sameAs\":[\"https:\/\/www.instagram.com\/helisyapi\/\",\"https:\/\/www.linkedin.com\/company\/helisyapi\/\",\"https:\/\/www.facebook.com\/helisyapi\/\",\"https:\/\/twitter.com\/helisyapi\"]}]}<\/script>\n<!-- \/ Yoast SEO plugin. -->","yoast_head_json":{"title":"Helis Yap\u0131 A.\u015e. - Our Projects","robots":{"index":"index","follow":"follow","max-snippet":"max-snippet:-1","max-image-preview":"max-image-preview:large","max-video-preview":"max-video-preview:-1"},"canonical":"https:\/\/helisyapi.com\/en\/our-projects\/","og_locale":"en_US","og_type":"article","og_title":"Helis Yap\u0131 A.\u015e. - Our Projects","og_description":"[vc_row css_animation=&#8221;&#8221; row_type=&#8221;row&#8221; use_row_as_full_screen_section=&#8221;no&#8221; type=&#8221;full_width&#8221; angled_section=&#8221;no&#8221; text_align=&#8221;left&#8221; background_image_as_pattern=&#8221;without_pattern&#8221; css=&#8221;.vc_custom_1605691912508{padding-top: 30px !important;}&#8221;][vc_column][vc_column_text] Our Projects [\/vc_column_text][vc_separator type=&#8221;transparent&#8221; thickness=&#8221;0&#8243; up=&#8221;33&#8243; down=&#8221;0&#8243;][\/vc_column][\/vc_row][vc_row css_animation=&#8221;&#8221; row_type=&#8221;row&#8221; use_row_as_full_screen_section=&#8221;no&#8221; type=&#8221;full_width&#8221; angled_section=&#8221;no&#8221; text_align=&#8221;left&#8221; background_image_as_pattern=&#8221;without_pattern&#8221;][vc_column][\/vc_column][\/vc_row]","og_url":"https:\/\/helisyapi.com\/en\/our-projects\/","og_site_name":"Helis Yap\u0131 A.\u015e.","article_publisher":"https:\/\/www.facebook.com\/helisyapi\/","article_modified_time":"2020-11-18T09:32:04+00:00","twitter_card":"summary_large_image","twitter_site":"@helisyapi","twitter_misc":{"Est. reading time":"1 minute"},"schema":{"@context":"https:\/\/schema.org","@graph":[{"@type":"WebPage","@id":"https:\/\/helisyapi.com\/en\/our-projects\/","url":"https:\/\/helisyapi.com\/en\/our-projects\/","name":"Helis Yap\u0131 A.\u015e. - Our Projects","isPartOf":{"@id":"https:\/\/helisyapi.com\/en\/#website"},"datePublished":"2017-09-15T15:03:55+00:00","dateModified":"2020-11-18T09:32:04+00:00","breadcrumb":{"@id":"https:\/\/helisyapi.com\/en\/our-projects\/#breadcrumb"},"inLanguage":"en-US","potentialAction":[{"@type":"ReadAction","target":["https:\/\/helisyapi.com\/en\/our-projects\/"]}]},{"@type":"BreadcrumbList","@id":"https:\/\/helisyapi.com\/en\/our-projects\/#breadcrumb","itemListElement":[{"@type":"ListItem","position":1,"name":"Anasayfa","item":"https:\/\/helisyapi.com\/en\/"},{"@type":"ListItem","position":2,"name":"Our Projects"}]},{"@type":"WebSite","@id":"https:\/\/helisyapi.com\/en\/#website","url":"https:\/\/helisyapi.com\/en\/","name":"Helis Yap\u0131 A.\u015e.","description":"M\u00fckemmellik Sanat\u0131","publisher":{"@id":"https:\/\/helisyapi.com\/en\/#organization"},"potentialAction":[{"@type":"SearchAction","target":{"@type":"EntryPoint","urlTemplate":"https:\/\/helisyapi.com\/en\/?s={search_term_string}"},"query-input":"required name=search_term_string"}],"inLanguage":"en-US"},{"@type":"Organization","@id":"https:\/\/helisyapi.com\/en\/#organization","name":"Helis Yap\u0131 A.\u015e.","url":"https:\/\/helisyapi.com\/en\/","logo":{"@type":"ImageObject","inLanguage":"en-US","@id":"https:\/\/helisyapi.com\/en\/#\/schema\/logo\/image\/","url":"https:\/\/helisyapi.com\/wp-content\/uploads\/2022\/02\/helisyapi.svg","contentUrl":"https:\/\/helisyapi.com\/wp-content\/uploads\/2022\/02\/helisyapi.svg","width":576,"height":363,"caption":"Helis Yap\u0131 A.\u015e."},"image":{"@id":"https:\/\/helisyapi.com\/en\/#\/schema\/logo\/image\/"},"sameAs":["https:\/\/www.instagram.com\/helisyapi\/","https:\/\/www.linkedin.com\/company\/helisyapi\/","https:\/\/www.facebook.com\/helisyapi\/","https:\/\/twitter.com\/helisyapi"]}]}},"_links":{"self":[{"href":"https:\/\/helisyapi.com\/en\/wp-json\/wp\/v2\/pages\/1282"}],"collection":[{"href":"https:\/\/helisyapi.com\/en\/wp-json\/wp\/v2\/pages"}],"about":[{"href":"https:\/\/helisyapi.com\/en\/wp-json\/wp\/v2\/types\/page"}],"author":[{"embeddable":true,"href":"https:\/\/helisyapi.com\/en\/wp-json\/wp\/v2\/users\/1"}],"replies":[{"embeddable":true,"href":"https:\/\/helisyapi.com\/en\/wp-json\/wp\/v2\/comments?post=1282"}],"version-history":[{"count":0,"href":"https:\/\/helisyapi.com\/en\/wp-json\/wp\/v2\/pages\/1282\/revisions"}],"wp:attachment":[{"href":"https:\/\/helisyapi.com\/en\/wp-json\/wp\/v2\/media?parent=1282"}],"curies":[{"name":"wp","href":"https:\/\/api.w.org\/{rel}","templated":true}]}}